{"id":13,"date":"2016-10-04T22:53:31","date_gmt":"2016-10-04T22:53:31","guid":{"rendered":"http:\/\/www.odensemontvask.dk\/testt\/?page_id=13"},"modified":"2017-12-15T10:07:30","modified_gmt":"2017-12-15T10:07:30","slug":"vaskemaskiner","status":"publish","type":"page","link":"https:\/\/www.odensemontvask.dk\/testt\/vaskemaskiner\/","title":{"rendered":"Odense M\u00f8ntvask Maskinerne"},"content":{"rendered":"<p style=\"text-align: center;\"><b>Vaskemaskiner<\/b><\/p>\n<p>P\u00e5 Odense M\u00f8ntvask finder du vaskemaskiner p\u00e5, 8, 11 og 16 kg. <\/p>\n<p>Vaskemaskinerne har h\u00f8jtcentrifugering og\u00a0er milj\u00f8venlige<\/p>\n<p align=\"center\"><b>T\u00f8rretumblere<\/b><\/p>\n<p>Odense M\u00f8ntvask har 7\u00a0t\u00f8rretumblere som passer til t\u00f8rring af en 8 kilo vask.<\/p>\n<p align=\"center\"><b>Centrifuge<\/b><\/p>\n<p>Der er en centrifuge som ligeledes passer til en 8 kilo vask.<\/p>\n<p align=\"center\"><b>Strygerulle\u00a0<\/b><\/p>\n<p>Odense M\u00f8ntvask er det eneste m\u00f8ntvask p\u00e5 Fyn som har en strygerulle.<\/p>\n<p align=\"center\"><b>Luksus vaskepulver<\/b><\/p>\n<p>Til hver vask er der lavtskummende h\u00f8jkvalitets- vaskepulver.<\/p>\n<p>Produktet best\u00e5r af:<\/p>\n<p>Anionske og nonioniske overfladeaktive stoffer, s\u00e6be, natriumtripolyfosfater, natriumperborat, CMC, optisk hvidt, natriumsilikater, natriumsulfat, fosfonat, parfume. Krystalvand og enzymblanding.<\/p>\n<p>&nbsp;<\/p>\n<p>Click here to edit Spacer module.<\/p>\n","protected":false},"excerpt":{"rendered":"<p>Vaskemaskiner P\u00e5 Odense M\u00f8ntvask finder du vaskemaskiner p\u00e5, 8, 11 og 16 kg. Vaskemaskinerne har h\u00f8jtcentrifugering og\u00a0er milj\u00f8venlige T\u00f8rretumblere Odense M\u00f8ntvask har 7\u00a0t\u00f8rretumblere som passer til t\u00f8rring af en 8 kilo vask. Centrifuge Der er en centrifuge som ligeledes passer til en 8 kilo vask. Strygerulle\u00a0 Odense M\u00f8ntvask er det eneste m\u00f8ntvask p\u00e5 Fyn som&hellip;<\/p>\n","protected":false},"author":1,"featured_media":0,"parent":0,"menu_order":0,"comment_status":"closed","ping_status":"closed","template":"fullwidth.php","meta":[],"_links":{"self":[{"href":"https:\/\/www.odensemontvask.dk\/testt\/wp-json\/wp\/v2\/pages\/13"}],"collection":[{"href":"https:\/\/www.odensemontvask.dk\/testt\/wp-json\/wp\/v2\/pages"}],"about":[{"href":"https:\/\/www.odensemontvask.dk\/testt\/wp-json\/wp\/v2\/types\/page"}],"author":[{"embeddable":true,"href":"https:\/\/www.odensemontvask.dk\/testt\/wp-json\/wp\/v2\/users\/1"}],"replies":[{"embeddable":true,"href":"https:\/\/www.odensemontvask.dk\/testt\/wp-json\/wp\/v2\/comments?post=13"}],"version-history":[{"count":16,"href":"https:\/\/www.odensemontvask.dk\/testt\/wp-json\/wp\/v2\/pages\/13\/revisions"}],"predecessor-version":[{"id":139,"href":"https:\/\/www.odensemontvask.dk\/testt\/wp-json\/wp\/v2\/pages\/13\/revisions\/139"}],"wp:attachment":[{"href":"https:\/\/www.odensemontvask.dk\/testt\/wp-json\/wp\/v2\/media?parent=13"}],"curies":[{"name":"wp","href":"https:\/\/api.w.org\/{rel}","templated":true}]}}