{"id":28,"date":"2016-10-04T23:31:14","date_gmt":"2016-10-04T23:31:14","guid":{"rendered":"http:\/\/www.odensemontvask.dk\/testt\/?page_id=28"},"modified":"2018-09-13T05:49:08","modified_gmt":"2018-09-13T05:49:08","slug":"odense-montvask-priser","status":"publish","type":"page","link":"https:\/\/www.odensemontvask.dk\/testt\/odense-montvask-priser\/","title":{"rendered":"Odense M\u00f8ntvask priser"},"content":{"rendered":"<p style=\"text-align: center;\"><strong>Vaskemaskine nr. 1-8 samt nr. 15-18<\/strong><\/p>\n<p style=\"text-align: center;\"><strong>8 kg.<\/strong><\/p>\n<p style=\"text-align: center;\"><strong> incl. s\u00e6be og skyllemiddel<\/strong><\/p>\n<p style=\"text-align: center;\"><strong>Kr. 35,00<\/strong><\/p>\n<p>Click here to edit Spacer module.<\/p>\n<p style=\"text-align: center;\"><strong>Vaskemaskine nr. 9-12<\/strong><\/p>\n<p style=\"text-align: center;\"><strong>11 kg. <\/strong><\/p>\n<p style=\"text-align: center;\"><strong>incl. s\u00e6be\u00a0og skyllemiddel<\/strong><\/p>\n<p style=\"text-align: center;\"><strong>Kr. 50,00<\/strong><\/p>\n<p>Click here to edit Spacer module.<\/p>\n<p style=\"text-align: center;\"><strong>Vaskemaskine nr. 13 &#8211; 14<\/strong><\/p>\n<p style=\"text-align: center;\"><strong>16 kg. <\/strong><\/p>\n<p style=\"text-align: center;\"><strong>incl. s\u00e6be og skyllemiddel <\/strong><\/p>\n<p style=\"text-align: center;\"><strong>Kr. 75,00 <\/strong><\/p>\n<p>Click here to edit Spacer module.<\/p>\n<p style=\"text-align: center;\"><strong>Ekstra S\u00e6be<br \/>\nKr. 5,00<\/strong><\/p>\n<hr \/>\n<p style=\"text-align: center;\"><strong>Centrifuge<br \/>\nKr. 5,00\u00a0<\/strong><\/p>\n<hr \/>\n<p style=\"text-align: center;\"><strong>T\u00f8rretumblere nr.\u00a0 1 &#8211; 3 \u00a0\u00a0<\/strong><\/p>\n<p style=\"text-align: center;\"><strong>14 min. <\/strong><\/p>\n<p style=\"text-align: center;\"><strong>Kr. 10,00<\/strong><\/p>\n<hr \/>\n<p style=\"text-align: center;\"><strong>T\u00f8rretumblere nr. 4 -7 \u00a0<\/strong><\/p>\n<p style=\"text-align: center;\"><b>20 min. <\/b><\/p>\n<p style=\"text-align: center;\"><strong>Kr. 10,00<\/strong><\/p>\n<hr \/>\n<p style=\"text-align: center;\"><strong>Strygerulle<\/strong><\/p>\n<p style=\"text-align: center;\"><strong>10 min<br \/>\nKr. 10,00<\/strong><\/p>\n<hr \/>\n<p style=\"text-align: center;\"><b>Kontant betaling eller kreditkort\u00a0<\/b><\/p>\n<p>Click here to edit Spacer module.<\/p>\n<p>Odense M\u00f8ntvask abningstider Odense M\u00f8ntvask, byens st\u00f8rste m\u00f8ntvask, m\u00f8ntvaskeri i odense , vaskemaskiner , m\u00f8ntvaskeri odense m\u00f8ntvaskeri \u00e5bningstider m\u00f8ntvaskeri odense vesterbro ,<\/p>\n<p style=\"text-align: center;\"><b>VIGTIGT !!<\/b><\/p>\n<p style=\"text-align: center;\">Ved t\u00f8rring og rulle tryk 1 gang for hver 5,- kr. (F.eks 10 kr. = 2 tryk)<\/p>\n<p style=\"text-align: center;\">Medbring selv skyllemiddel<\/p>\n<p style=\"text-align: center;\">Kun kontantbetaling \u2013 s\u00e5 husk m\u00f8nter.<\/p>\n<p>Odense M\u00f8ntvask abningstider Odense M\u00f8ntvask, byens st\u00f8rste m\u00f8ntvask, m\u00f8ntvaskeri i odense , vaskemaskiner , m\u00f8ntvaskeri odense m\u00f8ntvaskeri \u00e5bningstider m\u00f8ntvaskeri odense vesterbro ,<\/p>\n","protected":false},"excerpt":{"rendered":"<p>Vaskemaskine nr. 1-8 samt nr. 15-18 8 kg. incl. s\u00e6be og skyllemiddel Kr. 35,00 Click here to edit Spacer module. Vaskemaskine nr. 9-12 11 kg. incl. s\u00e6be\u00a0og skyllemiddel Kr. 50,00 Click here to edit Spacer module. Vaskemaskine nr. 13 &#8211; 14 16 kg. incl. s\u00e6be og skyllemiddel Kr. 75,00 Click here to edit Spacer module.&hellip;<\/p>\n","protected":false},"author":1,"featured_media":0,"parent":0,"menu_order":0,"comment_status":"closed","ping_status":"closed","template":"fullwidth.php","meta":[],"_links":{"self":[{"href":"https:\/\/www.odensemontvask.dk\/testt\/wp-json\/wp\/v2\/pages\/28"}],"collection":[{"href":"https:\/\/www.odensemontvask.dk\/testt\/wp-json\/wp\/v2\/pages"}],"about":[{"href":"https:\/\/www.odensemontvask.dk\/testt\/wp-json\/wp\/v2\/types\/page"}],"author":[{"embeddable":true,"href":"https:\/\/www.odensemontvask.dk\/testt\/wp-json\/wp\/v2\/users\/1"}],"replies":[{"embeddable":true,"href":"https:\/\/www.odensemontvask.dk\/testt\/wp-json\/wp\/v2\/comments?post=28"}],"version-history":[{"count":16,"href":"https:\/\/www.odensemontvask.dk\/testt\/wp-json\/wp\/v2\/pages\/28\/revisions"}],"predecessor-version":[{"id":156,"href":"https:\/\/www.odensemontvask.dk\/testt\/wp-json\/wp\/v2\/pages\/28\/revisions\/156"}],"wp:attachment":[{"href":"https:\/\/www.odensemontvask.dk\/testt\/wp-json\/wp\/v2\/media?parent=28"}],"curies":[{"name":"wp","href":"https:\/\/api.w.org\/{rel}","templated":true}]}}