{"id":53,"date":"2016-10-05T08:41:50","date_gmt":"2016-10-05T08:41:50","guid":{"rendered":"http:\/\/www.odensemontvask.dk\/testt\/?page_id=53"},"modified":"2018-09-12T12:57:54","modified_gmt":"2018-09-12T12:57:54","slug":"abningstider","status":"publish","type":"page","link":"https:\/\/www.odensemontvask.dk\/testt\/abningstider\/","title":{"rendered":"Odense M\u00f8ntvask \u00c5bningstider"},"content":{"rendered":"<p style=\"text-align: center;\"><strong>\u00c5bningstider\u00a0<\/strong><\/p>\n<p style=\"text-align: center;\"><strong>Alle dage fra\u00a0 06.00- 21.00<\/strong><\/p>\n<p style=\"text-align: center;\">\n<p>Odense M\u00f8ntvask abningstider Odense M\u00f8ntvask, byens st\u00f8rste m\u00f8ntvask, m\u00f8ntvaskeri i odense , vaskemaskiner , m\u00f8ntvaskeri odense m\u00f8ntvaskeri \u00e5bningstider m\u00f8ntvaskeri odense vesterbro ,<\/p>\n","protected":false},"excerpt":{"rendered":"<p>\u00c5bningstider\u00a0 Alle dage fra\u00a0 06.00- 21.00 Odense M\u00f8ntvask abningstider Odense M\u00f8ntvask, byens st\u00f8rste m\u00f8ntvask, m\u00f8ntvaskeri i odense , vaskemaskiner , m\u00f8ntvaskeri odense m\u00f8ntvaskeri \u00e5bningstider m\u00f8ntvaskeri odense vesterbro ,<\/p>\n","protected":false},"author":1,"featured_media":0,"parent":0,"menu_order":0,"comment_status":"closed","ping_status":"closed","template":"fullwidth.php","meta":[],"_links":{"self":[{"href":"https:\/\/www.odensemontvask.dk\/testt\/wp-json\/wp\/v2\/pages\/53"}],"collection":[{"href":"https:\/\/www.odensemontvask.dk\/testt\/wp-json\/wp\/v2\/pages"}],"about":[{"href":"https:\/\/www.odensemontvask.dk\/testt\/wp-json\/wp\/v2\/types\/page"}],"author":[{"embeddable":true,"href":"https:\/\/www.odensemontvask.dk\/testt\/wp-json\/wp\/v2\/users\/1"}],"replies":[{"embeddable":true,"href":"https:\/\/www.odensemontvask.dk\/testt\/wp-json\/wp\/v2\/comments?post=53"}],"version-history":[{"count":12,"href":"https:\/\/www.odensemontvask.dk\/testt\/wp-json\/wp\/v2\/pages\/53\/revisions"}],"predecessor-version":[{"id":154,"href":"https:\/\/www.odensemontvask.dk\/testt\/wp-json\/wp\/v2\/pages\/53\/revisions\/154"}],"wp:attachment":[{"href":"https:\/\/www.odensemontvask.dk\/testt\/wp-json\/wp\/v2\/media?parent=53"}],"curies":[{"name":"wp","href":"https:\/\/api.w.org\/{rel}","templated":true}]}}