{"id":69,"date":"2016-10-05T10:07:28","date_gmt":"2016-10-05T10:07:28","guid":{"rendered":"http:\/\/www.odensemontvask.dk\/testt\/?page_id=69"},"modified":"2016-10-22T20:59:24","modified_gmt":"2016-10-22T20:59:24","slug":"kontakt-os","status":"publish","type":"page","link":"https:\/\/www.odensemontvask.dk\/testt\/kontakt-os\/","title":{"rendered":"Odense M\u00f8ntvask Kontakt os"},"content":{"rendered":"<p>\t[seos_form]<\/p>\n<p style=\"text-align: center;\"><strong>Odense M\u00f8ntvask<\/strong><\/p>\n<p style=\"text-align: center;\"><strong>R\u00f8deg\u00e5rdsvej 84 B<\/strong><\/p>\n<p style=\"text-align: center;\"><strong>5000\u00a0 Odense C<\/strong><\/p>\n<p style=\"text-align: center;\"><strong>vask@odensemontvask.dk<\/strong><\/p>\n<p style=\"text-align: center;\"><strong>Tlf: 20616777<\/strong><\/p>\n<p style=\"text-align: center;\"><a href=\"https:\/\/hvid1.azehosting.net:2096\/\">webmaster webmail<\/a><\/p>\n","protected":false},"excerpt":{"rendered":"<p>[seos_form] Odense M\u00f8ntvask R\u00f8deg\u00e5rdsvej 84 B 5000\u00a0 Odense C vask@odensemontvask.dk Tlf: 20616777 webmaster webmail<\/p>\n","protected":false},"author":1,"featured_media":0,"parent":0,"menu_order":0,"comment_status":"closed","ping_status":"closed","template":"fullwidth.php","meta":[],"_links":{"self":[{"href":"https:\/\/www.odensemontvask.dk\/testt\/wp-json\/wp\/v2\/pages\/69"}],"collection":[{"href":"https:\/\/www.odensemontvask.dk\/testt\/wp-json\/wp\/v2\/pages"}],"about":[{"href":"https:\/\/www.odensemontvask.dk\/testt\/wp-json\/wp\/v2\/types\/page"}],"author":[{"embeddable":true,"href":"https:\/\/www.odensemontvask.dk\/testt\/wp-json\/wp\/v2\/users\/1"}],"replies":[{"embeddable":true,"href":"https:\/\/www.odensemontvask.dk\/testt\/wp-json\/wp\/v2\/comments?post=69"}],"version-history":[{"count":10,"href":"https:\/\/www.odensemontvask.dk\/testt\/wp-json\/wp\/v2\/pages\/69\/revisions"}],"predecessor-version":[{"id":117,"href":"https:\/\/www.odensemontvask.dk\/testt\/wp-json\/wp\/v2\/pages\/69\/revisions\/117"}],"wp:attachment":[{"href":"https:\/\/www.odensemontvask.dk\/testt\/wp-json\/wp\/v2\/media?parent=69"}],"curies":[{"name":"wp","href":"https:\/\/api.w.org\/{rel}","templated":true}]}}